{"id":503,"date":"2026-01-18T23:37:19","date_gmt":"2026-01-18T23:37:19","guid":{"rendered":"https:\/\/modetrendscout.com\/?page_id=503"},"modified":"2026-01-18T23:37:56","modified_gmt":"2026-01-18T23:37:56","slug":"datenschutzerklarung","status":"publish","type":"page","link":"https:\/\/modetrendscout.com\/?page_id=503","title":{"rendered":"Datenschutzerkl\u00e4rung"},"content":{"rendered":"\n<p><strong>I. Allgemeines zur Datenverarbeitung<\/strong><\/p>\n\n\n\n<ol class=\"wp-block-list\">\n<li>Umfang der Verarbeitung personenbezogener Daten<br>Wir verarbeiten personenbezogene Daten unserer Nutzer grunds\u00e4tzlich nur, soweit dies zur Bereitstellung einer funktionsf\u00e4higen Webseite sowie unserer Inhalte und Leistungen erforderlich ist. Die Verarbeitung personenbezogener Daten unserer Nutzer erfolgt regelm\u00e4\u00dfig nur nach Einwilligung des Nutzers. Eine Ausnahme gilt in solchen F\u00e4llen, in denen eine vorherige Einholung einer Einwilligung aus tats\u00e4chlichen Gr\u00fcnden nicht m\u00f6glich ist und die Verarbeitung der Daten durch gesetzliche Vorschriften erforderlich ist.<\/li>\n\n\n\n<li>Rechtsgrundlage f\u00fcr die Verarbeitung personenbezogener Daten<br>Soweit wir f\u00fcr Verarbeitungsvorg\u00e4nge personenbezogener Daten eine Einwilligung der betroffenen Person einholen, dient Art. 6 Abs. 1 S. 1 lit. a DSGVO als Rechtsgrundlage.<br>Bei der Verarbeitung von personenbezogenen Daten, die zur Erf\u00fcllung eines Vertrages, dessen Vertragspartei die betroffene Person ist, erforderlich ist, dient Art. 6 Abs. 1 S. 1 lit. b DSGVO als Rechtsgrundlage. Dies gilt auch f\u00fcr Verarbeitungsvorg\u00e4nge, die zur Durchf\u00fchrung vorvertraglicher Ma\u00dfnahmen erforderlich sind. Soweit eine Verarbeitung personenbezogener Daten zur Erf\u00fcllung einer rechtlichen Verpflichtung erforderlich ist, der unser Unternehmen unterliegt, dient Art. 6 Abs. 1 S. 1 lit. c DSGVO als Rechtsgrundlage.<br>F\u00fcr den Fall, dass lebenswichtige Interessen der betroffenen Person oder einer anderen nat\u00fcrlichen Person eine Verarbeitung personenbezogener Daten erforderlich machen, dient Art. 6 Abs. 1 S. 1 lit. d DSGVO als Rechtsgrundlage.<br>Ist die Verarbeitung zur Wahrung eines berechtigten Interesses unseres Unternehmens oder eines Dritten erforderlich und \u00fcberwiegen die Interessen, Grundrechte und Grundfreiheiten des Betroffenen das erstgenannte Interesse nicht, so dient Art. 6 Abs. 1 S. 1 lit. f DSGVO als Rechtsgrundlage f\u00fcr die Verarbeitung.<\/li>\n\n\n\n<li>Datenl\u00f6schung und Speicherdauer<br>Die personenbezogenen Daten der betroffenen Person werden gel\u00f6scht oder eingeschr\u00e4nkt, sobald der Zweck ihrer Speicherung erf\u00fcllt ist. Eine dar\u00fcber hinausgehende Speicherung kann erfolgen, wenn dies vom Europ\u00e4ischen Richtlinien- und Verordnungsgeber oder einem anderen zust\u00e4ndigen nationalen Gesetzgeber in Gesetzen oder sonstigen Vorschriften, denen der f\u00fcr die Verarbeitung Verantwortliche unterliegt, vorgesehen wurde. Eine Einschr\u00e4nkung oder L\u00f6schung der Daten erfolgt auch dann, wenn die in den vorgenannten Normen vorgesehene Speicherfrist abl\u00e4uft, es sei denn, dass eine l\u00e4ngere Speicherung der Daten zum Zwecke des Abschlusses oder der Erf\u00fcllung des jeweiligen Vertrages erforderlich ist.<\/li>\n<\/ol>\n\n\n\n<p><strong>II. Rechte der betroffenen Person<br><\/strong>Die Allgemeine Datenschutzverordnung (DSGVO) gew\u00e4hrt Einzelpersonen in der EU (und im EWR) eine Reihe von Rechten in Bezug auf ihre personenbezogenen Daten. Diese Rechte sollen den Menschen Transparenz, Kontrolle und Regressm\u00f6glichkeiten in Bezug auf die Art und Weise geben, wie ihre Daten von Organisationen erfasst, verwendet und weitergegeben werden.<\/p>\n\n\n\n<p><strong>III. Einsatz von Drittparteien<br><\/strong>Um unsere Dienstleistungen effizient und sicher zu erbringen, k\u00f6nnen wir personenbezogene Daten mit sorgf\u00e4ltig ausgew\u00e4hlten Drittanbietern austauschen.<\/p>\n\n\n\n<p>Wir beauftragen Dritte, die personenbezogene Daten in unserem Auftrag verarbeiten, nur im Rahmen schriftlicher Vertr\u00e4ge, die sie dazu verpflichten:<\/p>\n\n\n\n<p>die Daten ausschlie\u00dflich nach unseren Anweisungen zu verarbeiten,<br>geeignete technische und organisatorische Sicherheitsma\u00dfnahmen umzusetzen und<br>Halten Sie die geltenden Datenschutzgesetze ein, einschlie\u00dflich der EU-DSGVO.<br>Wenn ein Dritter au\u00dferhalb der EU oder des Europ\u00e4ischen Wirtschaftsraums (EWR) ans\u00e4ssig ist, stellen wir sicher, dass angemessene Schutzma\u00dfnahmen gem\u00e4\u00df den Standardvertragsklauseln (SCCs) nach Art. 46 DSGVO mit den Empf\u00e4ngern abgeschlossen werden.<\/p>\n","protected":false},"excerpt":{"rendered":"<p>I. Allgemeines zur Datenverarbeitung II. Rechte der betroffenen PersonDie Allgemeine Datenschutzverordnung (DSGVO) gew\u00e4hrt Einzelpersonen in der EU (und im EWR) eine Reihe von Rechten in Bezug auf ihre personenbezogenen Daten. Diese Rechte sollen den Menschen Transparenz, Kontrolle und Regressm\u00f6glichkeiten in Bezug auf die Art und Weise geben, wie ihre Daten von Organisationen erfasst, verwendet und [&hellip;]<\/p>\n","protected":false},"author":1,"featured_media":0,"parent":0,"menu_order":0,"comment_status":"closed","ping_status":"closed","template":"","meta":{"footnotes":""},"class_list":["post-503","page","type-page","status-publish","hentry"],"yoast_head":"<!-- This site is optimized with the Yoast SEO plugin v27.1.1 - https:\/\/yoast.com\/product\/yoast-seo-wordpress\/ -->\n<title>Datenschutzerkl\u00e4rung - Mode Trend<\/title>\n<meta name=\"robots\" content=\"index, follow, max-snippet:-1, max-image-preview:large, max-video-preview:-1\" \/>\n<link rel=\"canonical\" href=\"https:\/\/modetrendscout.com\/?page_id=503\" \/>\n<meta property=\"og:locale\" content=\"tr_TR\" \/>\n<meta property=\"og:type\" content=\"article\" \/>\n<meta property=\"og:title\" content=\"Datenschutzerkl\u00e4rung - Mode Trend\" \/>\n<meta property=\"og:description\" content=\"I. Allgemeines zur Datenverarbeitung II. Rechte der betroffenen PersonDie Allgemeine Datenschutzverordnung (DSGVO) gew\u00e4hrt Einzelpersonen in der EU (und im EWR) eine Reihe von Rechten in Bezug auf ihre personenbezogenen Daten. Diese Rechte sollen den Menschen Transparenz, Kontrolle und Regressm\u00f6glichkeiten in Bezug auf die Art und Weise geben, wie ihre Daten von Organisationen erfasst, verwendet und [&hellip;]\" \/>\n<meta property=\"og:url\" content=\"https:\/\/modetrendscout.com\/?page_id=503\" \/>\n<meta property=\"og:site_name\" content=\"Mode Trend\" \/>\n<meta property=\"article:modified_time\" content=\"2026-01-18T23:37:56+00:00\" \/>\n<meta name=\"twitter:card\" content=\"summary_large_image\" \/>\n<meta name=\"twitter:label1\" content=\"Tahmini okuma s\u00fcresi\" \/>\n\t<meta name=\"twitter:data1\" content=\"3 dakika\" \/>\n<script type=\"application\/ld+json\" class=\"yoast-schema-graph\">{\"@context\":\"https:\/\/schema.org\",\"@graph\":[{\"@type\":\"WebPage\",\"@id\":\"https:\/\/modetrendscout.com\/?page_id=503\",\"url\":\"https:\/\/modetrendscout.com\/?page_id=503\",\"name\":\"Datenschutzerkl\u00e4rung - Mode Trend\",\"isPartOf\":{\"@id\":\"https:\/\/modetrendscout.com\/#website\"},\"datePublished\":\"2026-01-18T23:37:19+00:00\",\"dateModified\":\"2026-01-18T23:37:56+00:00\",\"breadcrumb\":{\"@id\":\"https:\/\/modetrendscout.com\/?page_id=503#breadcrumb\"},\"inLanguage\":\"tr\",\"potentialAction\":[{\"@type\":\"ReadAction\",\"target\":[\"https:\/\/modetrendscout.com\/?page_id=503\"]}]},{\"@type\":\"BreadcrumbList\",\"@id\":\"https:\/\/modetrendscout.com\/?page_id=503#breadcrumb\",\"itemListElement\":[{\"@type\":\"ListItem\",\"position\":1,\"name\":\"Anasayfa\",\"item\":\"https:\/\/modetrendscout.com\/\"},{\"@type\":\"ListItem\",\"position\":2,\"name\":\"Datenschutzerkl\u00e4rung\"}]},{\"@type\":\"WebSite\",\"@id\":\"https:\/\/modetrendscout.com\/#website\",\"url\":\"https:\/\/modetrendscout.com\/\",\"name\":\"Mode Trend\",\"description\":\"Folgen Sie den Modetrends!\",\"potentialAction\":[{\"@type\":\"SearchAction\",\"target\":{\"@type\":\"EntryPoint\",\"urlTemplate\":\"https:\/\/modetrendscout.com\/?s={search_term_string}\"},\"query-input\":{\"@type\":\"PropertyValueSpecification\",\"valueRequired\":true,\"valueName\":\"search_term_string\"}}],\"inLanguage\":\"tr\"}]}<\/script>\n<!-- \/ Yoast SEO plugin. -->","yoast_head_json":{"title":"Datenschutzerkl\u00e4rung - Mode Trend","robots":{"index":"index","follow":"follow","max-snippet":"max-snippet:-1","max-image-preview":"max-image-preview:large","max-video-preview":"max-video-preview:-1"},"canonical":"https:\/\/modetrendscout.com\/?page_id=503","og_locale":"tr_TR","og_type":"article","og_title":"Datenschutzerkl\u00e4rung - Mode Trend","og_description":"I. Allgemeines zur Datenverarbeitung II. Rechte der betroffenen PersonDie Allgemeine Datenschutzverordnung (DSGVO) gew\u00e4hrt Einzelpersonen in der EU (und im EWR) eine Reihe von Rechten in Bezug auf ihre personenbezogenen Daten. Diese Rechte sollen den Menschen Transparenz, Kontrolle und Regressm\u00f6glichkeiten in Bezug auf die Art und Weise geben, wie ihre Daten von Organisationen erfasst, verwendet und [&hellip;]","og_url":"https:\/\/modetrendscout.com\/?page_id=503","og_site_name":"Mode Trend","article_modified_time":"2026-01-18T23:37:56+00:00","twitter_card":"summary_large_image","twitter_misc":{"Tahmini okuma s\u00fcresi":"3 dakika"},"schema":{"@context":"https:\/\/schema.org","@graph":[{"@type":"WebPage","@id":"https:\/\/modetrendscout.com\/?page_id=503","url":"https:\/\/modetrendscout.com\/?page_id=503","name":"Datenschutzerkl\u00e4rung - Mode Trend","isPartOf":{"@id":"https:\/\/modetrendscout.com\/#website"},"datePublished":"2026-01-18T23:37:19+00:00","dateModified":"2026-01-18T23:37:56+00:00","breadcrumb":{"@id":"https:\/\/modetrendscout.com\/?page_id=503#breadcrumb"},"inLanguage":"tr","potentialAction":[{"@type":"ReadAction","target":["https:\/\/modetrendscout.com\/?page_id=503"]}]},{"@type":"BreadcrumbList","@id":"https:\/\/modetrendscout.com\/?page_id=503#breadcrumb","itemListElement":[{"@type":"ListItem","position":1,"name":"Anasayfa","item":"https:\/\/modetrendscout.com\/"},{"@type":"ListItem","position":2,"name":"Datenschutzerkl\u00e4rung"}]},{"@type":"WebSite","@id":"https:\/\/modetrendscout.com\/#website","url":"https:\/\/modetrendscout.com\/","name":"Mode Trend","description":"Folgen Sie den Modetrends!","potentialAction":[{"@type":"SearchAction","target":{"@type":"EntryPoint","urlTemplate":"https:\/\/modetrendscout.com\/?s={search_term_string}"},"query-input":{"@type":"PropertyValueSpecification","valueRequired":true,"valueName":"search_term_string"}}],"inLanguage":"tr"}]}},"_links":{"self":[{"href":"https:\/\/modetrendscout.com\/index.php?rest_route=\/wp\/v2\/pages\/503","targetHints":{"allow":["GET"]}}],"collection":[{"href":"https:\/\/modetrendscout.com\/index.php?rest_route=\/wp\/v2\/pages"}],"about":[{"href":"https:\/\/modetrendscout.com\/index.php?rest_route=\/wp\/v2\/types\/page"}],"author":[{"embeddable":true,"href":"https:\/\/modetrendscout.com\/index.php?rest_route=\/wp\/v2\/users\/1"}],"replies":[{"embeddable":true,"href":"https:\/\/modetrendscout.com\/index.php?rest_route=%2Fwp%2Fv2%2Fcomments&post=503"}],"version-history":[{"count":2,"href":"https:\/\/modetrendscout.com\/index.php?rest_route=\/wp\/v2\/pages\/503\/revisions"}],"predecessor-version":[{"id":505,"href":"https:\/\/modetrendscout.com\/index.php?rest_route=\/wp\/v2\/pages\/503\/revisions\/505"}],"wp:attachment":[{"href":"https:\/\/modetrendscout.com\/index.php?rest_route=%2Fwp%2Fv2%2Fmedia&parent=503"}],"curies":[{"name":"wp","href":"https:\/\/api.w.org\/{rel}","templated":true}]}}