{"id":508,"date":"2026-01-18T23:46:11","date_gmt":"2026-01-18T23:46:11","guid":{"rendered":"https:\/\/modetrendscout.com\/?page_id=508"},"modified":"2026-01-18T23:46:12","modified_gmt":"2026-01-18T23:46:12","slug":"cookie-richtlinien","status":"publish","type":"page","link":"https:\/\/modetrendscout.com\/?page_id=508","title":{"rendered":"Cookie Richtlinien"},"content":{"rendered":"\n<p><strong>I. Einf\u00fchrung<br><\/strong>Wir verwenden Cookies und \u00e4hnliche Technologien auf unserer Website und SaaS-Plattform. Diese Cookie-Richtlinie erkl\u00e4rt, was diese Technologien sind, warum wir sie verwenden und welche M\u00f6glichkeiten Sie haben, sie zu nutzen.<\/p>\n\n\n\n<p>Informationen dar\u00fcber, wie wir Ihre personenbezogenen Daten im Allgemeinen verarbeiten, finden Sie in unserer Datenschutzerkl\u00e4rung.<\/p>\n\n\n\n<p><strong>II. Was sind Cookies?<br><\/strong>Cookies sind kleine Textdateien, die von Ihrem Browser auf Ihrem Ger\u00e4t gespeichert werden, wenn Sie eine Website besuchen. Sie dienen verschiedenen Zwecken, wie z. B. dem Funktionieren der Website, der Verbesserung der Benutzerfreundlichkeit und der Analyse der Nutzung unserer Dienste.<\/p>\n\n\n\n<p>Cookies k\u00f6nnen sein:<\/p>\n\n\n\n<p>Erstanbieter-Cookies &#8211; von uns gesetzt.<br>Cookies von Drittanbietern, die von anderen Domains gesetzt werden, wenn wir deren Technologien einbinden (z. B. Analyse- oder Marketing-Tools).<\/p>\n\n\n\n<p><strong>III. Rechtsgrundlage f\u00fcr die Verwendung von Cookies<br><\/strong>Streng notwendige Cookies: Diese werden auf der Grundlage unseres berechtigten Interesses an der Bereitstellung eines funktionierenden Dienstes verarbeitet (Art. 6(1)(f) UK GDPR).<\/p>\n\n\n\n<p>Andere Cookies (Analytics, Functional, Marketing): Diese werden nur auf der Grundlage Ihrer ausdr\u00fccklichen Zustimmung verwendet (Art. 6(1)(a) UK GDPR), die \u00fcber unser Cookie-Banner eingeholt wird, wenn Sie unsere Website zum ersten Mal besuchen.<\/p>\n\n\n\n<p><strong>IV. Cookie-Zustimmung und -Verwaltung<br><\/strong>Wenn Sie unsere Website besuchen, bitten wir Sie \u00fcber einen Cookie-Banner um Ihre Zustimmung. Sie k\u00f6nnen:<\/p>\n\n\n\n<p>Alle Cookies akzeptieren<br>Ihre Pr\u00e4ferenzen anpassen<br>alle nicht notwendigen Cookies ablehnen<br>Sie k\u00f6nnen Ihre Zustimmung auch jederzeit widerrufen oder Ihre Einstellungen \u00e4ndern, indem Sie auf das Cookie-Symbol in der linken unteren Ecke Ihres Browserfensters klicken.<\/p>\n\n\n\n<p>Alternativ k\u00f6nnen Sie Cookies auch \u00fcber die Einstellungen Ihres Browsers kontrollieren. Hinweise dazu finden Sie in der Dokumentation Ihres Browsers.<\/p>\n\n\n\n<p><strong>V. Drittanbieter<br><\/strong>Einige Cookies werden von Drittanbietern gesetzt, die wir nutzen. Diese Anbieter k\u00f6nnen Daten in Drittl\u00e4ndern (z. B. in den USA) verarbeiten. Gegebenenfalls st\u00fctzen wir uns auf Standardvertragsklauseln oder \u00e4hnliche Sicherheitsvorkehrungen, um rechtm\u00e4\u00dfige Daten\u00fcbertragungen zu gew\u00e4hrleisten.<\/p>\n\n\n\n<p><strong>VI. \u00c4nderungen an dieser Richtlinie<br><\/strong>Wir k\u00f6nnen diese Cookie-Richtlinie von Zeit zu Zeit aktualisieren. Wir empfehlen, diese Seite regelm\u00e4\u00dfig auf Aktualisierungen zu \u00fcberpr\u00fcfen. Wesentliche \u00c4nderungen werden \u00fcber unsere Website oder das Benutzer-Dashboard bekannt gegeben.<\/p>\n","protected":false},"excerpt":{"rendered":"<p>I. Einf\u00fchrungWir verwenden Cookies und \u00e4hnliche Technologien auf unserer Website und SaaS-Plattform. Diese Cookie-Richtlinie erkl\u00e4rt, was diese Technologien sind, warum wir sie verwenden und welche M\u00f6glichkeiten Sie haben, sie zu nutzen. Informationen dar\u00fcber, wie wir Ihre personenbezogenen Daten im Allgemeinen verarbeiten, finden Sie in unserer Datenschutzerkl\u00e4rung. II. Was sind Cookies?Cookies sind kleine Textdateien, die von [&hellip;]<\/p>\n","protected":false},"author":1,"featured_media":0,"parent":0,"menu_order":0,"comment_status":"closed","ping_status":"closed","template":"","meta":{"footnotes":""},"class_list":["post-508","page","type-page","status-publish","hentry"],"yoast_head":"<!-- This site is optimized with the Yoast SEO plugin v27.1.1 - https:\/\/yoast.com\/product\/yoast-seo-wordpress\/ -->\n<title>Cookie Richtlinien - Mode Trend<\/title>\n<meta name=\"robots\" content=\"index, follow, max-snippet:-1, max-image-preview:large, max-video-preview:-1\" \/>\n<link rel=\"canonical\" href=\"https:\/\/modetrendscout.com\/?page_id=508\" \/>\n<meta property=\"og:locale\" content=\"tr_TR\" \/>\n<meta property=\"og:type\" content=\"article\" \/>\n<meta property=\"og:title\" content=\"Cookie Richtlinien - Mode Trend\" \/>\n<meta property=\"og:description\" content=\"I. Einf\u00fchrungWir verwenden Cookies und \u00e4hnliche Technologien auf unserer Website und SaaS-Plattform. Diese Cookie-Richtlinie erkl\u00e4rt, was diese Technologien sind, warum wir sie verwenden und welche M\u00f6glichkeiten Sie haben, sie zu nutzen. Informationen dar\u00fcber, wie wir Ihre personenbezogenen Daten im Allgemeinen verarbeiten, finden Sie in unserer Datenschutzerkl\u00e4rung. II. Was sind Cookies?Cookies sind kleine Textdateien, die von [&hellip;]\" \/>\n<meta property=\"og:url\" content=\"https:\/\/modetrendscout.com\/?page_id=508\" \/>\n<meta property=\"og:site_name\" content=\"Mode Trend\" \/>\n<meta property=\"article:modified_time\" content=\"2026-01-18T23:46:12+00:00\" \/>\n<meta name=\"twitter:card\" content=\"summary_large_image\" \/>\n<meta name=\"twitter:label1\" content=\"Tahmini okuma s\u00fcresi\" \/>\n\t<meta name=\"twitter:data1\" content=\"2 dakika\" \/>\n<script type=\"application\/ld+json\" class=\"yoast-schema-graph\">{\"@context\":\"https:\/\/schema.org\",\"@graph\":[{\"@type\":\"WebPage\",\"@id\":\"https:\/\/modetrendscout.com\/?page_id=508\",\"url\":\"https:\/\/modetrendscout.com\/?page_id=508\",\"name\":\"Cookie Richtlinien - Mode Trend\",\"isPartOf\":{\"@id\":\"https:\/\/modetrendscout.com\/#website\"},\"datePublished\":\"2026-01-18T23:46:11+00:00\",\"dateModified\":\"2026-01-18T23:46:12+00:00\",\"breadcrumb\":{\"@id\":\"https:\/\/modetrendscout.com\/?page_id=508#breadcrumb\"},\"inLanguage\":\"tr\",\"potentialAction\":[{\"@type\":\"ReadAction\",\"target\":[\"https:\/\/modetrendscout.com\/?page_id=508\"]}]},{\"@type\":\"BreadcrumbList\",\"@id\":\"https:\/\/modetrendscout.com\/?page_id=508#breadcrumb\",\"itemListElement\":[{\"@type\":\"ListItem\",\"position\":1,\"name\":\"Anasayfa\",\"item\":\"https:\/\/modetrendscout.com\/\"},{\"@type\":\"ListItem\",\"position\":2,\"name\":\"Cookie Richtlinien\"}]},{\"@type\":\"WebSite\",\"@id\":\"https:\/\/modetrendscout.com\/#website\",\"url\":\"https:\/\/modetrendscout.com\/\",\"name\":\"Mode Trend\",\"description\":\"Folgen Sie den Modetrends!\",\"potentialAction\":[{\"@type\":\"SearchAction\",\"target\":{\"@type\":\"EntryPoint\",\"urlTemplate\":\"https:\/\/modetrendscout.com\/?s={search_term_string}\"},\"query-input\":{\"@type\":\"PropertyValueSpecification\",\"valueRequired\":true,\"valueName\":\"search_term_string\"}}],\"inLanguage\":\"tr\"}]}<\/script>\n<!-- \/ Yoast SEO plugin. -->","yoast_head_json":{"title":"Cookie Richtlinien - Mode Trend","robots":{"index":"index","follow":"follow","max-snippet":"max-snippet:-1","max-image-preview":"max-image-preview:large","max-video-preview":"max-video-preview:-1"},"canonical":"https:\/\/modetrendscout.com\/?page_id=508","og_locale":"tr_TR","og_type":"article","og_title":"Cookie Richtlinien - Mode Trend","og_description":"I. Einf\u00fchrungWir verwenden Cookies und \u00e4hnliche Technologien auf unserer Website und SaaS-Plattform. Diese Cookie-Richtlinie erkl\u00e4rt, was diese Technologien sind, warum wir sie verwenden und welche M\u00f6glichkeiten Sie haben, sie zu nutzen. Informationen dar\u00fcber, wie wir Ihre personenbezogenen Daten im Allgemeinen verarbeiten, finden Sie in unserer Datenschutzerkl\u00e4rung. II. Was sind Cookies?Cookies sind kleine Textdateien, die von [&hellip;]","og_url":"https:\/\/modetrendscout.com\/?page_id=508","og_site_name":"Mode Trend","article_modified_time":"2026-01-18T23:46:12+00:00","twitter_card":"summary_large_image","twitter_misc":{"Tahmini okuma s\u00fcresi":"2 dakika"},"schema":{"@context":"https:\/\/schema.org","@graph":[{"@type":"WebPage","@id":"https:\/\/modetrendscout.com\/?page_id=508","url":"https:\/\/modetrendscout.com\/?page_id=508","name":"Cookie Richtlinien - Mode Trend","isPartOf":{"@id":"https:\/\/modetrendscout.com\/#website"},"datePublished":"2026-01-18T23:46:11+00:00","dateModified":"2026-01-18T23:46:12+00:00","breadcrumb":{"@id":"https:\/\/modetrendscout.com\/?page_id=508#breadcrumb"},"inLanguage":"tr","potentialAction":[{"@type":"ReadAction","target":["https:\/\/modetrendscout.com\/?page_id=508"]}]},{"@type":"BreadcrumbList","@id":"https:\/\/modetrendscout.com\/?page_id=508#breadcrumb","itemListElement":[{"@type":"ListItem","position":1,"name":"Anasayfa","item":"https:\/\/modetrendscout.com\/"},{"@type":"ListItem","position":2,"name":"Cookie Richtlinien"}]},{"@type":"WebSite","@id":"https:\/\/modetrendscout.com\/#website","url":"https:\/\/modetrendscout.com\/","name":"Mode Trend","description":"Folgen Sie den Modetrends!","potentialAction":[{"@type":"SearchAction","target":{"@type":"EntryPoint","urlTemplate":"https:\/\/modetrendscout.com\/?s={search_term_string}"},"query-input":{"@type":"PropertyValueSpecification","valueRequired":true,"valueName":"search_term_string"}}],"inLanguage":"tr"}]}},"_links":{"self":[{"href":"https:\/\/modetrendscout.com\/index.php?rest_route=\/wp\/v2\/pages\/508","targetHints":{"allow":["GET"]}}],"collection":[{"href":"https:\/\/modetrendscout.com\/index.php?rest_route=\/wp\/v2\/pages"}],"about":[{"href":"https:\/\/modetrendscout.com\/index.php?rest_route=\/wp\/v2\/types\/page"}],"author":[{"embeddable":true,"href":"https:\/\/modetrendscout.com\/index.php?rest_route=\/wp\/v2\/users\/1"}],"replies":[{"embeddable":true,"href":"https:\/\/modetrendscout.com\/index.php?rest_route=%2Fwp%2Fv2%2Fcomments&post=508"}],"version-history":[{"count":1,"href":"https:\/\/modetrendscout.com\/index.php?rest_route=\/wp\/v2\/pages\/508\/revisions"}],"predecessor-version":[{"id":509,"href":"https:\/\/modetrendscout.com\/index.php?rest_route=\/wp\/v2\/pages\/508\/revisions\/509"}],"wp:attachment":[{"href":"https:\/\/modetrendscout.com\/index.php?rest_route=%2Fwp%2Fv2%2Fmedia&parent=508"}],"curies":[{"name":"wp","href":"https:\/\/api.w.org\/{rel}","templated":true}]}}